{"id":6,"date":"2019-11-25T18:09:03","date_gmt":"2019-11-25T18:09:03","guid":{"rendered":"https:\/\/vrblekingekusten.vattenorg.se\/?page_id=6"},"modified":"2022-03-07T15:26:42","modified_gmt":"2022-03-07T15:26:42","slug":"hem","status":"publish","type":"page","link":"https:\/\/vrblekingekusten.vattenorg.se\/","title":{"rendered":"Hem"},"content":{"rendered":"\n<h3 class=\"wp-block-heading\">V\u00e4lkommen till Vattenr\u00e5det f\u00f6r Blekingekusten <\/h3>\n\n\n\n<p>\n\nVattenr\u00e5det f\u00f6r Blekingekusten \u00e4r en ideell f\u00f6rening som bildades 2011 och som omfattar hela Blekinges kust fr\u00e5n Valjeviken i v\u00e4ster till Br\u00f6msebro i \u00f6ster.<\/p>\n\n\n\n<p>Norra Han\u00f6buktens sk\u00e4rg\u00e5rd utg\u00f6r Sveriges sydligaste sk\u00e4rg\u00e5rd i \u00d6stersj\u00f6n. Sammanlagt finns h\u00e4r n\u00e4ra 1000 \u00f6ar och sk\u00e4r.<\/p>\n\n\n\n<p>Ett stort antal vattendrag mynnar ut i kusten. Kustvattnets kvalitet beror dels p\u00e5 aktiviteter p\u00e5 land, dels p\u00e5 aktiviteter vid kust och i hav.<\/p>\n\n\n\n<p><strong>Vattenr\u00e5det<\/strong><\/p>\n\n\n\n<ul class=\"wp-block-list\"><li>skall fungera som en samordnande l\u00e4nk mellan olika organisationer som p\u00e5verkar eller p\u00e5verkas av den marina milj\u00f6n och vattenmyndigheten S\u00f6dra \u00d6stersj\u00f6n. Detta f\u00f6r att str\u00e4va efter att f\u00e5 ett helhetsperspektiv p\u00e5 den marina milj\u00f6n.<\/li><li>vill \u00f6ka kunskapen om vatten genom bland annat f\u00f6rel\u00e4sningar, seminarier, studiebes\u00f6k och m\u00f6ten med olika organisationer och myndigheter.<\/li><li>vill arbeta f\u00f6r att en kunskapsbank om vatten byggs upp. <\/li><\/ul>\n\n\n\n<p><\/p>\n\n\n\n<figure class=\"wp-block-image size-large\"><img loading=\"lazy\" decoding=\"async\" width=\"1024\" height=\"680\" src=\"https:\/\/vrblekingekusten.vattenorg.se\/wp-content\/uploads\/2022\/03\/bat-1024x680.jpg\" alt=\"\" class=\"wp-image-202\" srcset=\"https:\/\/vrblekingekusten.vattenorg.se\/wp-content\/uploads\/2022\/03\/bat-1024x680.jpg 1024w, https:\/\/vrblekingekusten.vattenorg.se\/wp-content\/uploads\/2022\/03\/bat-300x199.jpg 300w, https:\/\/vrblekingekusten.vattenorg.se\/wp-content\/uploads\/2022\/03\/bat-768x510.jpg 768w, https:\/\/vrblekingekusten.vattenorg.se\/wp-content\/uploads\/2022\/03\/bat-1536x1020.jpg 1536w, https:\/\/vrblekingekusten.vattenorg.se\/wp-content\/uploads\/2022\/03\/bat-2048x1360.jpg 2048w, https:\/\/vrblekingekusten.vattenorg.se\/wp-content\/uploads\/2022\/03\/bat-660x438.jpg 660w\" sizes=\"auto, (max-width: 1024px) 100vw, 1024px\" \/><\/figure>\n","protected":false},"excerpt":{"rendered":"<p>V\u00e4lkommen till Vattenr\u00e5det f\u00f6r Blekingekusten Vattenr\u00e5det f\u00f6r Blekingekusten \u00e4r en ideell f\u00f6rening som bildades 2011 och som omfattar hela Blekinges kust fr\u00e5n Valjeviken i v\u00e4ster till Br\u00f6msebro i \u00f6ster. Norra Han\u00f6buktens sk\u00e4rg\u00e5rd utg\u00f6r Sveriges sydligaste sk\u00e4rg\u00e5rd i \u00d6stersj\u00f6n. Sammanlagt finns h\u00e4r n\u00e4ra 1000 \u00f6ar och sk\u00e4r. Ett stort antal vattendrag mynnar ut i kusten. Kustvattnets\u2026 <span class=\"read-more\"><a href=\"https:\/\/vrblekingekusten.vattenorg.se\/\">L\u00e4s mer &raquo;<\/a><\/span><\/p>\n","protected":false},"author":1,"featured_media":0,"parent":0,"menu_order":0,"comment_status":"closed","ping_status":"closed","template":"","meta":{"footnotes":""},"class_list":["post-6","page","type-page","status-publish","hentry"],"_links":{"self":[{"href":"https:\/\/vrblekingekusten.vattenorg.se\/index.php?rest_route=\/wp\/v2\/pages\/6","targetHints":{"allow":["GET"]}}],"collection":[{"href":"https:\/\/vrblekingekusten.vattenorg.se\/index.php?rest_route=\/wp\/v2\/pages"}],"about":[{"href":"https:\/\/vrblekingekusten.vattenorg.se\/index.php?rest_route=\/wp\/v2\/types\/page"}],"author":[{"embeddable":true,"href":"https:\/\/vrblekingekusten.vattenorg.se\/index.php?rest_route=\/wp\/v2\/users\/1"}],"replies":[{"embeddable":true,"href":"https:\/\/vrblekingekusten.vattenorg.se\/index.php?rest_route=%2Fwp%2Fv2%2Fcomments&post=6"}],"version-history":[{"count":9,"href":"https:\/\/vrblekingekusten.vattenorg.se\/index.php?rest_route=\/wp\/v2\/pages\/6\/revisions"}],"predecessor-version":[{"id":203,"href":"https:\/\/vrblekingekusten.vattenorg.se\/index.php?rest_route=\/wp\/v2\/pages\/6\/revisions\/203"}],"wp:attachment":[{"href":"https:\/\/vrblekingekusten.vattenorg.se\/index.php?rest_route=%2Fwp%2Fv2%2Fmedia&parent=6"}],"curies":[{"name":"wp","href":"https:\/\/api.w.org\/{rel}","templated":true}]}}