{"id":13,"date":"2019-11-25T18:24:39","date_gmt":"2019-11-25T18:24:39","guid":{"rendered":"https:\/\/vrblekingekusten.vattenorg.se\/?page_id=13"},"modified":"2022-03-07T15:29:47","modified_gmt":"2022-03-07T15:29:47","slug":"kontakt","status":"publish","type":"page","link":"https:\/\/vrblekingekusten.vattenorg.se\/?page_id=13","title":{"rendered":"Kontakt"},"content":{"rendered":"\n<p><strong>Styrelsen:<\/strong><br>Yvonne Walther, ordf\u00f6rande, l\u00e4nsstyrelsen Blekinge (Ordf\u00f6rande)<br>Tom Larsson, Blekinge kust och sk\u00e4rg\u00e5rdsf\u00f6rening&nbsp;<br>Mattias Holmqvist , Blekinge Arkipelag<br>Helen G\u00e5rner, S\u00f6lvesborgs kommun<br>Leif T\u00f6rnqvist, SNF Blekinge<br><\/p>\n\n\n\n<p>Mats Nying, Svenska j\u00e4garef\u00f6rbundet<br>Ulf Lindahl, l\u00e4nsstyrelsen Blekinge<br>Jesper Bergman, Karlshamn kommun<br>Sofie Samuelsson, Ronneby kommun<br>Karin Lundberg<br>Lars Karlsson, LRF (C)<\/p>\n\n\n\n<p><\/p>\n\n\n\n<p><strong>Kontakt:<\/strong><br>Yvonne Walther, ymwalther@gmail.com<\/p>\n\n\n\n<p><strong>Revisor:<\/strong><br>Peter J\u00f6rgensson<\/p>\n\n\n\n<p><br><strong>Valberedningen, sammankallande:<\/strong><\/p>\n\n\n\n<figure class=\"wp-block-image size-large\"><img loading=\"lazy\" decoding=\"async\" width=\"1024\" height=\"680\" src=\"https:\/\/vrblekingekusten.vattenorg.se\/wp-content\/uploads\/2022\/03\/DSC_1447-1024x680.jpg\" alt=\"\" class=\"wp-image-198\" srcset=\"https:\/\/vrblekingekusten.vattenorg.se\/wp-content\/uploads\/2022\/03\/DSC_1447-1024x680.jpg 1024w, https:\/\/vrblekingekusten.vattenorg.se\/wp-content\/uploads\/2022\/03\/DSC_1447-300x199.jpg 300w, https:\/\/vrblekingekusten.vattenorg.se\/wp-content\/uploads\/2022\/03\/DSC_1447-768x510.jpg 768w, https:\/\/vrblekingekusten.vattenorg.se\/wp-content\/uploads\/2022\/03\/DSC_1447-1536x1020.jpg 1536w, https:\/\/vrblekingekusten.vattenorg.se\/wp-content\/uploads\/2022\/03\/DSC_1447-2048x1360.jpg 2048w, https:\/\/vrblekingekusten.vattenorg.se\/wp-content\/uploads\/2022\/03\/DSC_1447-660x438.jpg 660w\" sizes=\"auto, (max-width: 1024px) 100vw, 1024px\" \/><\/figure>\n","protected":false},"excerpt":{"rendered":"<p>Styrelsen:Yvonne Walther, ordf\u00f6rande, l\u00e4nsstyrelsen Blekinge (Ordf\u00f6rande)Tom Larsson, Blekinge kust och sk\u00e4rg\u00e5rdsf\u00f6rening&nbsp;Mattias Holmqvist , Blekinge ArkipelagHelen G\u00e5rner, S\u00f6lvesborgs kommunLeif T\u00f6rnqvist, SNF Blekinge Mats Nying, Svenska j\u00e4garef\u00f6rbundetUlf Lindahl, l\u00e4nsstyrelsen BlekingeJesper Bergman, Karlshamn kommunSofie Samuelsson, Ronneby kommunKarin LundbergLars Karlsson, LRF (C) Kontakt:Yvonne Walther, ymwalther@gmail.com Revisor:Peter J\u00f6rgensson Valberedningen, sammankallande:<\/p>\n","protected":false},"author":1,"featured_media":0,"parent":0,"menu_order":4,"comment_status":"closed","ping_status":"closed","template":"","meta":{"footnotes":""},"class_list":["post-13","page","type-page","status-publish","hentry"],"_links":{"self":[{"href":"https:\/\/vrblekingekusten.vattenorg.se\/index.php?rest_route=\/wp\/v2\/pages\/13","targetHints":{"allow":["GET"]}}],"collection":[{"href":"https:\/\/vrblekingekusten.vattenorg.se\/index.php?rest_route=\/wp\/v2\/pages"}],"about":[{"href":"https:\/\/vrblekingekusten.vattenorg.se\/index.php?rest_route=\/wp\/v2\/types\/page"}],"author":[{"embeddable":true,"href":"https:\/\/vrblekingekusten.vattenorg.se\/index.php?rest_route=\/wp\/v2\/users\/1"}],"replies":[{"embeddable":true,"href":"https:\/\/vrblekingekusten.vattenorg.se\/index.php?rest_route=%2Fwp%2Fv2%2Fcomments&post=13"}],"version-history":[{"count":6,"href":"https:\/\/vrblekingekusten.vattenorg.se\/index.php?rest_route=\/wp\/v2\/pages\/13\/revisions"}],"predecessor-version":[{"id":206,"href":"https:\/\/vrblekingekusten.vattenorg.se\/index.php?rest_route=\/wp\/v2\/pages\/13\/revisions\/206"}],"wp:attachment":[{"href":"https:\/\/vrblekingekusten.vattenorg.se\/index.php?rest_route=%2Fwp%2Fv2%2Fmedia&parent=13"}],"curies":[{"name":"wp","href":"https:\/\/api.w.org\/{rel}","templated":true}]}}