{"id":109,"date":"2019-12-21T17:39:27","date_gmt":"2019-12-21T17:39:27","guid":{"rendered":"https:\/\/vrblekingekusten.vattenorg.se\/?page_id=109"},"modified":"2022-03-07T15:25:02","modified_gmt":"2022-03-07T15:25:02","slug":"evenemang","status":"publish","type":"page","link":"https:\/\/vrblekingekusten.vattenorg.se\/?page_id=109","title":{"rendered":"Evenemang"},"content":{"rendered":"\n<p>I menyn kan ni klicka p\u00e5 och l\u00e4sa mer om de arrangemang som vattenr\u00e5det har ordnat. <\/p>\n\n\n\n<figure class=\"wp-block-image size-large\"><img loading=\"lazy\" decoding=\"async\" width=\"1024\" height=\"680\" src=\"https:\/\/vrblekingekusten.vattenorg.se\/wp-content\/uploads\/2022\/03\/fiskare-2-1024x680.jpg\" alt=\"\" class=\"wp-image-194\" srcset=\"https:\/\/vrblekingekusten.vattenorg.se\/wp-content\/uploads\/2022\/03\/fiskare-2-1024x680.jpg 1024w, https:\/\/vrblekingekusten.vattenorg.se\/wp-content\/uploads\/2022\/03\/fiskare-2-300x199.jpg 300w, https:\/\/vrblekingekusten.vattenorg.se\/wp-content\/uploads\/2022\/03\/fiskare-2-768x510.jpg 768w, https:\/\/vrblekingekusten.vattenorg.se\/wp-content\/uploads\/2022\/03\/fiskare-2-1536x1020.jpg 1536w, https:\/\/vrblekingekusten.vattenorg.se\/wp-content\/uploads\/2022\/03\/fiskare-2-2048x1360.jpg 2048w, https:\/\/vrblekingekusten.vattenorg.se\/wp-content\/uploads\/2022\/03\/fiskare-2-660x438.jpg 660w\" sizes=\"auto, (max-width: 1024px) 100vw, 1024px\" \/><\/figure>\n","protected":false},"excerpt":{"rendered":"<p>I menyn kan ni klicka p\u00e5 och l\u00e4sa mer om de arrangemang som vattenr\u00e5det har ordnat.<\/p>\n","protected":false},"author":1,"featured_media":0,"parent":0,"menu_order":0,"comment_status":"closed","ping_status":"closed","template":"","meta":{"footnotes":""},"class_list":["post-109","page","type-page","status-publish","hentry"],"_links":{"self":[{"href":"https:\/\/vrblekingekusten.vattenorg.se\/index.php?rest_route=\/wp\/v2\/pages\/109","targetHints":{"allow":["GET"]}}],"collection":[{"href":"https:\/\/vrblekingekusten.vattenorg.se\/index.php?rest_route=\/wp\/v2\/pages"}],"about":[{"href":"https:\/\/vrblekingekusten.vattenorg.se\/index.php?rest_route=\/wp\/v2\/types\/page"}],"author":[{"embeddable":true,"href":"https:\/\/vrblekingekusten.vattenorg.se\/index.php?rest_route=\/wp\/v2\/users\/1"}],"replies":[{"embeddable":true,"href":"https:\/\/vrblekingekusten.vattenorg.se\/index.php?rest_route=%2Fwp%2Fv2%2Fcomments&post=109"}],"version-history":[{"count":4,"href":"https:\/\/vrblekingekusten.vattenorg.se\/index.php?rest_route=\/wp\/v2\/pages\/109\/revisions"}],"predecessor-version":[{"id":201,"href":"https:\/\/vrblekingekusten.vattenorg.se\/index.php?rest_route=\/wp\/v2\/pages\/109\/revisions\/201"}],"wp:attachment":[{"href":"https:\/\/vrblekingekusten.vattenorg.se\/index.php?rest_route=%2Fwp%2Fv2%2Fmedia&parent=109"}],"curies":[{"name":"wp","href":"https:\/\/api.w.org\/{rel}","templated":true}]}}